{"id":185,"date":"2017-12-11T15:20:16","date_gmt":"2017-12-11T14:20:16","guid":{"rendered":"http:\/\/eriksson25.com\/jsmars\/jons\/index.php\/2017\/12\/11\/login\/"},"modified":"2017-12-12T12:25:35","modified_gmt":"2017-12-12T11:25:35","slug":"login","status":"publish","type":"page","link":"https:\/\/jonscon.smars.se\/index.php\/login\/","title":{"rendered":"V\u00e4lkommen till J\u00f6ns!"},"content":{"rendered":"<div class=''><p>Vi \u00e4r en liten spelf\u00f6rening med fokus p\u00e5 br\u00e4dspel, s\u00e4llskapsspel och datorspel. Vi anordnar \u00e4ven det \u00e5rligt \u00e5terkommande J\u00f6nsCon.<\/p>\n<p>F\u00f6r mer information om v\u00e5ra event och f\u00f6r att se medlemssidor s\u00e5 beh\u00f6ver du logga in nedan. Har du inget konto s\u00e5 beh\u00f6ver du <a href=\"http:\/\/eriksson25.com\/jsmars\/jons\/index.php\/register\/\">skapa ett nytt konto<\/a>.<\/p>\n\n<div class=\"um um-login um-180\">\n\t<div class=\"um-form\">\n\t\t<form method=\"post\" action=\"\" autocomplete=\"off\">\n\t\t\t<div class=\"um-row _um_row_1 \" style=\"margin: 0 0 30px 0;\"><div class=\"um-col-1\"><div  id=\"um_field_180_username\" class=\"um-field um-field-text  um-field-username um-field-text um-field-type_text\" data-key=\"username\"><div class=\"um-field-label\"><label for=\"username-180\">Username or E-mail<\/label><div class=\"um-clear\"><\/div><\/div><div class=\"um-field-area\"><input  autocomplete=\"off\" class=\"um-form-field valid \" type=\"text\" name=\"username-180\" id=\"username-180\" value=\"\" placeholder=\"\" data-validate=\"unique_username_or_email\" data-key=\"username\"  aria-invalid=\"false\" \/>\n\n\t\t\t\t\t\t<\/div><\/div><div  id=\"um_field_180_user_password\" class=\"um-field um-field-password  um-field-user_password um-field-password um-field-type_password\" data-key=\"user_password\"><div class=\"um-field-label\"><label for=\"user_password-180\">Password<\/label><div class=\"um-clear\"><\/div><\/div><div class=\"um-field-area\"><input class=\"um-form-field valid \" type=\"password\" name=\"user_password-180\" id=\"user_password-180\" value=\"\" placeholder=\"\" data-validate=\"\" data-key=\"user_password\"  aria-invalid=\"false\" \/>\n\n\t\t\t\t\t\t\t<\/div><\/div><\/div><\/div>\t\t<input type=\"hidden\" name=\"form_id\" id=\"form_id_180\" value=\"180\" \/>\n\t\n\t<p class=\"um_request_name\">\n\t\t<label for=\"um_request_180\">Only fill in if you are not human<\/label>\n\t\t<input type=\"hidden\" name=\"um_request\" id=\"um_request_180\" class=\"input\" value=\"\" size=\"25\" autocomplete=\"off\" \/>\n\t<\/p>\n\n\t<input type=\"hidden\" id=\"_wpnonce\" name=\"_wpnonce\" value=\"4b11221ebe\" \/><input type=\"hidden\" name=\"_wp_http_referer\" value=\"\/index.php\/wp-json\/wp\/v2\/pages\/185\" \/>\n\t<div class=\"um-col-alt\">\n\n\t\t\n\n\t\t\t<div class=\"um-field um-field-c\">\n\t\t\t\t<div class=\"um-field-area\">\n\t\t\t\t\t<label class=\"um-field-checkbox\">\n\t\t\t\t\t\t<input type=\"checkbox\" name=\"rememberme\" value=\"1\"  \/>\n\t\t\t\t\t\t<span class=\"um-field-checkbox-state\"><i class=\"um-icon-android-checkbox-outline-blank\"><\/i><\/span>\n\t\t\t\t\t\t<span class=\"um-field-checkbox-option\"> Keep me signed in<\/span>\n\t\t\t\t\t<\/label>\n\t\t\t\t<\/div>\n\t\t\t<\/div>\n\n\t\t\t\t\t\t<div class=\"um-clear\"><\/div>\n\t\t\n\t\t\t<div class=\"um-left um-half\">\n\t\t\t\t<input type=\"submit\" value=\"Login\" class=\"um-button\" id=\"um-submit-btn\" \/>\n\t\t\t<\/div>\n\t\t\t<div class=\"um-right um-half\">\n\t\t\t\t<a href=\"https:\/\/jonscon.smars.se\/index.php\/register\/\" class=\"um-button um-alt\">\n\t\t\t\t\tRegister\t\t\t\t<\/a>\n\t\t\t<\/div>\n\n\t\t\n\t\t<div class=\"um-clear\"><\/div>\n\n\t<\/div>\n\n\t\n\t<div class=\"um-col-alt-b\">\n\t\t<a href=\"https:\/\/jonscon.smars.se\/index.php\/password-reset\/\" class=\"um-link-alt\">\n\t\t\tForgot your password?\t\t<\/a>\n\t<\/div>\n\n\t\t\t<\/form>\n\t<\/div>\n<\/div>\n<style>\n\t\t\t.um-180.um {\n\t\t\tmax-width: 450px;\n\t\t}\n\t\t<\/style>\n\n<\/div","protected":false},"excerpt":{"rendered":"<p>Vi \u00e4r en liten spelf\u00f6rening med fokus p\u00e5 br\u00e4dspel, s\u00e4llskapsspel och datorspel. Vi anordnar \u00e4ven det \u00e5rligt \u00e5terkommande J\u00f6nsCon. F\u00f6r mer information om v\u00e5ra event och f\u00f6r att se medlemssidor s\u00e5 beh\u00f6ver du logga in nedan. Har du inget konto s\u00e5 beh\u00f6ver du skapa ett nytt konto.<\/p>\n","protected":false},"author":1,"featured_media":0,"parent":0,"menu_order":0,"comment_status":"closed","ping_status":"open","template":"","meta":{"footnotes":""},"class_list":["post-185","page","type-page","status-publish","hentry"],"_links":{"self":[{"href":"https:\/\/jonscon.smars.se\/index.php\/wp-json\/wp\/v2\/pages\/185"}],"collection":[{"href":"https:\/\/jonscon.smars.se\/index.php\/wp-json\/wp\/v2\/pages"}],"about":[{"href":"https:\/\/jonscon.smars.se\/index.php\/wp-json\/wp\/v2\/types\/page"}],"author":[{"embeddable":true,"href":"https:\/\/jonscon.smars.se\/index.php\/wp-json\/wp\/v2\/users\/1"}],"replies":[{"embeddable":true,"href":"https:\/\/jonscon.smars.se\/index.php\/wp-json\/wp\/v2\/comments?post=185"}],"version-history":[{"count":4,"href":"https:\/\/jonscon.smars.se\/index.php\/wp-json\/wp\/v2\/pages\/185\/revisions"}],"predecessor-version":[{"id":240,"href":"https:\/\/jonscon.smars.se\/index.php\/wp-json\/wp\/v2\/pages\/185\/revisions\/240"}],"wp:attachment":[{"href":"https:\/\/jonscon.smars.se\/index.php\/wp-json\/wp\/v2\/media?parent=185"}],"curies":[{"name":"wp","href":"https:\/\/api.w.org\/{rel}","templated":true}]}}